{"id":3532,"date":"2019-10-14T23:40:30","date_gmt":"2019-10-14T21:40:30","guid":{"rendered":"https:\/\/photo.real.michelegurrieri.com\/accueil\/"},"modified":"2020-10-28T18:57:49","modified_gmt":"2020-10-28T17:57:49","slug":"accueil","status":"publish","type":"page","link":"https:\/\/photo.real.michelegurrieri.com\/it\/","title":{"rendered":"Accueil"},"content":{"rendered":"\t\t<div data-elementor-type=\"wp-page\" data-elementor-id=\"3532\" class=\"elementor elementor-3532\" data-elementor-post-type=\"page\">\n\t\t\t\t\t\t\t\t\t<section class=\"elementor-section elementor-top-section elementor-element elementor-element-6f3cb28 elementor-section-height-min-height elementor-section-boxed elementor-section-height-default elementor-section-items-middle\" data-id=\"6f3cb28\" data-element_type=\"section\" data-settings=\"{&quot;background_background&quot;:&quot;classic&quot;}\">\n\t\t\t\t\t\t<div class=\"elementor-container elementor-column-gap-no\">\n\t\t\t\t\t<div class=\"elementor-column elementor-col-100 elementor-top-column elementor-element elementor-element-27bcb71\" data-id=\"27bcb71\" data-element_type=\"column\">\n\t\t\t<div class=\"elementor-widget-wrap elementor-element-populated\">\n\t\t\t\t\t\t\t\t<section class=\"elementor-section elementor-inner-section elementor-element elementor-element-3d0f793 elementor-section-boxed elementor-section-height-default elementor-section-height-default\" data-id=\"3d0f793\" data-element_type=\"section\">\n\t\t\t\t\t\t<div class=\"elementor-container elementor-column-gap-default\">\n\t\t\t\t\t<div class=\"elementor-column elementor-col-100 elementor-inner-column elementor-element elementor-element-36c62e6\" data-id=\"36c62e6\" data-element_type=\"column\">\n\t\t\t<div class=\"elementor-widget-wrap elementor-element-populated\">\n\t\t\t\t\t\t\t\t<div class=\"elementor-element elementor-element-de5f63a elementor-widget elementor-widget-text-editor\" data-id=\"de5f63a\" data-element_type=\"widget\" data-widget_type=\"text-editor.default\">\n\t\t\t\t<div class=\"elementor-widget-container\">\n\t\t\t\t\t\t\t\t\t\t\t\t\t<\/div>\n\t\t\t\t<\/div>\n\t\t\t\t\t<\/div>\n\t\t<\/div>\n\t\t\t\t\t\t\t<\/div>\n\t\t<\/section>\n\t\t\t\t<section class=\"elementor-section elementor-inner-section elementor-element elementor-element-c665ac1 homenews  elementor-section-boxed elementor-section-height-default elementor-section-height-default\" data-id=\"c665ac1\" data-element_type=\"section\">\n\t\t\t\t\t\t<div class=\"elementor-container elementor-column-gap-no\">\n\t\t\t\t\t<div class=\"elementor-column elementor-col-100 elementor-inner-column elementor-element elementor-element-b6a5425 video\" data-id=\"b6a5425\" data-element_type=\"column\">\n\t\t\t<div class=\"elementor-widget-wrap elementor-element-populated\">\n\t\t\t\t\t\t\t\t<div class=\"elementor-element elementor-element-a67c78c elementor-widget elementor-widget-text-editor\" data-id=\"a67c78c\" data-element_type=\"widget\" data-widget_type=\"text-editor.default\">\n\t\t\t\t<div class=\"elementor-widget-container\">\n\t\t\t\t\t\t\t<p><div class='white' style='background:rgba(0,0,0,0); border:solid 0px rgba(0,0,0,0); border-radius:0px; padding:0px 0px 0px 0px;'>\n<div id='slider_996' class='owl-carousel sa_owl_theme autohide-arrows' data-slider-id='slider_996' style='visibility:hidden;'>\n<div id='slider_996_slide01' class='sa_hover_container' style='padding:5% 5%; margin:0px 0%; min-height:510px; '><p><iframe loading=\"lazy\" title=\"vimeo-player\" src=\"https:\/\/player.vimeo.com\/video\/436180436\" width=\"640\" height=\"510\" frameborder=\"0\" allowfullscreen=\"allowfullscreen\"><\/iframe><\/p><\/div>\n<\/div>\n<\/div>\n<script type='text\/javascript'>\n\tjQuery(document).ready(function() {\n\t\tjQuery('#slider_996').owlCarousel({\n\t\t\titems : 1,\n\t\t\tsmartSpeed : 200,\n\t\t\tautoplay : true,\n\t\t\tautoplayTimeout : 5000,\n\t\t\tautoplayHoverPause : true,\n\t\t\tsmartSpeed : 200,\n\t\t\tfluidSpeed : 200,\n\t\t\tautoplaySpeed : 200,\n\t\t\tnavSpeed : 200,\n\t\t\tdotsSpeed : 200,\n\t\t\tloop : true,\n\t\t\tnav : true,\n\t\t\tnavText : ['Previous','Next'],\n\t\t\tdots : false,\n\t\t\tresponsiveRefreshRate : 200,\n\t\t\tslideBy : 1,\n\t\t\tmergeFit : true,\n\t\t\tautoHeight : false,\n\t\t\tmouseDrag : true,\n\t\t\ttouchDrag : true\n\t\t});\n\t\tjQuery('#slider_996').css('visibility', 'visible');\n\t\tvar owl_goto = jQuery('#slider_996');\n\t\tjQuery('.slider_996_goto1').click(function(event){\n\t\t\towl_goto.trigger('to.owl.carousel', 0);\n\t\t});\n\t\tvar resize_4952 = jQuery('.owl-carousel');\n\t\tresize_4952.on('initialized.owl.carousel', function(e) {\n\t\t\tif (typeof(Event) === 'function') {\n\t\t\t\twindow.dispatchEvent(new Event('resize'));\n\t\t\t} else {\n\t\t\t\tvar evt = window.document.createEvent('UIEvents');\n\t\t\t\tevt.initUIEvent('resize', true, false, window, 0);\n\t\t\t\twindow.dispatchEvent(evt);\n\t\t\t}\n\t\t});\n\t});\n<\/script>\n<\/p>\t\t\t\t\t\t<\/div>\n\t\t\t\t<\/div>\n\t\t\t\t<div class=\"elementor-element elementor-element-db905a8 elementor-position-right resume elementor-widget__width-auto elementor-vertical-align-top elementor-widget elementor-widget-image-box\" data-id=\"db905a8\" data-element_type=\"widget\" data-widget_type=\"image-box.default\">\n\t\t\t\t<div class=\"elementor-widget-container\">\n\t\t\t<div class=\"elementor-image-box-wrapper\"><figure class=\"elementor-image-box-img\"><a href=\"https:\/\/www.facebook.com\/events\/2445639325686896\/\"><img decoding=\"async\" loading=\"lazy\" width=\"150\" height=\"150\" src=\"https:\/\/photo.real.michelegurrieri.com\/wp-content\/uploads\/2020\/02\/affiche-The-King-DEF-JANVIER-2020-RVB-ITA-150x150.jpg\" class=\"attachment-thumbnail size-thumbnail wp-image-4530\" alt=\"\" \/><\/a><\/figure><div class=\"elementor-image-box-content\"><h2 class=\"elementor-image-box-title\"><a href=\"https:\/\/www.facebook.com\/events\/2445639325686896\/\">S\u00e9lection pour \"The King\" au DOCUMED TUNISIE<\/a><\/h2><p class=\"elementor-image-box-description\">Mon film \"The King - Naat Veliov et la musique rom des Balkans\" est s\u00e9lectionn\u00e9 au DOCUMED, festival du cin\u00e9ma documentaire m\u00e9dit\u00e9rran\u00e9en en Tunisie. il sera visible en ligne du 8 au 21 juin : \n\n\n\nhttp:\/\/documedtunisie.com\/<\/p><\/div><\/div>\t\t<\/div>\n\t\t\t\t<\/div>\n\t\t\t\t\t<\/div>\n\t\t<\/div>\n\t\t\t\t\t\t\t<\/div>\n\t\t<\/section>\n\t\t\t\t\t<\/div>\n\t\t<\/div>\n\t\t\t\t\t\t\t<\/div>\n\t\t<\/section>\n\t\t\t\t\t\t\t<\/div>\n\t\t","protected":false},"excerpt":{"rendered":"<p>S\u00e9lection pour &#8220;The King&#8221; au DOCUMED TUNISIE Mon film &#8220;The King &#8211; Naat Veliov et la musique rom des Balkans&#8221; est s\u00e9lectionn\u00e9 au DOCUMED, festival du cin\u00e9ma documentaire m\u00e9dit\u00e9rran\u00e9en en Tunisie. il sera visible en ligne du 8 au 21 juin : http:\/\/documedtunisie.com\/<\/p>\n","protected":false},"author":1,"featured_media":0,"parent":0,"menu_order":0,"comment_status":"closed","ping_status":"closed","template":"elementor_header_footer","meta":{"footnotes":""},"yoast_head":"<!-- This site is optimized with the Yoast SEO plugin v21.0 - https:\/\/yoast.com\/wordpress\/plugins\/seo\/ -->\n<title>Michele Gurrieri - Directeur de la photo, r\u00e9alisateur, photographe - Accueil<\/title>\n<meta name=\"description\" content=\"Michele Gurriieri, Directeur de la photo, r\u00e9alisateur, photographe.\" \/>\n<meta name=\"robots\" content=\"index, follow, max-snippet:-1, max-image-preview:large, max-video-preview:-1\" \/>\n<link rel=\"canonical\" href=\"https:\/\/photo.real.michelegurrieri.com\/\" \/>\n<meta property=\"og:locale\" content=\"it_IT\" \/>\n<meta property=\"og:type\" content=\"article\" \/>\n<meta property=\"og:title\" content=\"Michele Gurrieri - Directeur de la photo, r\u00e9alisateur, photographe - Accueil\" \/>\n<meta property=\"og:description\" content=\"Michele Gurriieri, Directeur de la photo, r\u00e9alisateur, photographe.\" \/>\n<meta property=\"og:url\" content=\"https:\/\/photo.real.michelegurrieri.com\/\" \/>\n<meta property=\"og:site_name\" content=\"Michele Gurrieri\" \/>\n<meta property=\"article:modified_time\" content=\"2020-10-28T17:57:49+00:00\" \/>\n<meta property=\"og:image\" content=\"https:\/\/photo.real.michelegurrieri.com\/wp-content\/uploads\/2020\/02\/affiche-The-King-DEF-JANVIER-2020-RVB-ITA-150x150.jpg\" \/>\n<meta name=\"twitter:card\" content=\"summary_large_image\" \/>\n<script type=\"application\/ld+json\" class=\"yoast-schema-graph\">{\"@context\":\"https:\/\/schema.org\",\"@graph\":[{\"@type\":\"WebPage\",\"@id\":\"https:\/\/photo.real.michelegurrieri.com\/\",\"url\":\"https:\/\/photo.real.michelegurrieri.com\/\",\"name\":\"Michele Gurrieri - Directeur de la photo, r\u00e9alisateur, photographe - Accueil\",\"isPartOf\":{\"@id\":\"https:\/\/photo.real.michelegurrieri.com\/#website\"},\"datePublished\":\"2019-10-14T21:40:30+00:00\",\"dateModified\":\"2020-10-28T17:57:49+00:00\",\"description\":\"Michele Gurriieri, Directeur de la photo, r\u00e9alisateur, photographe.\",\"breadcrumb\":{\"@id\":\"https:\/\/photo.real.michelegurrieri.com\/#breadcrumb\"},\"inLanguage\":\"it-IT\",\"potentialAction\":[{\"@type\":\"ReadAction\",\"target\":[\"https:\/\/photo.real.michelegurrieri.com\/\"]}]},{\"@type\":\"BreadcrumbList\",\"@id\":\"https:\/\/photo.real.michelegurrieri.com\/#breadcrumb\",\"itemListElement\":[{\"@type\":\"ListItem\",\"position\":1,\"name\":\"Accueil\",\"item\":\"https:\/\/photo.real.michelegurrieri.com\/\"},{\"@type\":\"ListItem\",\"position\":2,\"name\":\"Accueil\"}]},{\"@type\":\"WebSite\",\"@id\":\"https:\/\/photo.real.michelegurrieri.com\/#website\",\"url\":\"https:\/\/photo.real.michelegurrieri.com\/\",\"name\":\"Michele Gurrieri\",\"description\":\"Directeur de la photo, r\u00e9alisateur, photographe\",\"potentialAction\":[{\"@type\":\"SearchAction\",\"target\":{\"@type\":\"EntryPoint\",\"urlTemplate\":\"https:\/\/photo.real.michelegurrieri.com\/?s={search_term_string}\"},\"query-input\":\"required name=search_term_string\"}],\"inLanguage\":\"it-IT\"}]}<\/script>\n<!-- \/ Yoast SEO plugin. -->","yoast_head_json":{"title":"Michele Gurrieri - Directeur de la photo, r\u00e9alisateur, photographe - Accueil","description":"Michele Gurriieri, Directeur de la photo, r\u00e9alisateur, photographe.","robots":{"index":"index","follow":"follow","max-snippet":"max-snippet:-1","max-image-preview":"max-image-preview:large","max-video-preview":"max-video-preview:-1"},"canonical":"https:\/\/photo.real.michelegurrieri.com\/","og_locale":"it_IT","og_type":"article","og_title":"Michele Gurrieri - Directeur de la photo, r\u00e9alisateur, photographe - Accueil","og_description":"Michele Gurriieri, Directeur de la photo, r\u00e9alisateur, photographe.","og_url":"https:\/\/photo.real.michelegurrieri.com\/","og_site_name":"Michele Gurrieri","article_modified_time":"2020-10-28T17:57:49+00:00","og_image":[{"url":"https:\/\/photo.real.michelegurrieri.com\/wp-content\/uploads\/2020\/02\/affiche-The-King-DEF-JANVIER-2020-RVB-ITA-150x150.jpg"}],"twitter_card":"summary_large_image","schema":{"@context":"https:\/\/schema.org","@graph":[{"@type":"WebPage","@id":"https:\/\/photo.real.michelegurrieri.com\/","url":"https:\/\/photo.real.michelegurrieri.com\/","name":"Michele Gurrieri - Directeur de la photo, r\u00e9alisateur, photographe - Accueil","isPartOf":{"@id":"https:\/\/photo.real.michelegurrieri.com\/#website"},"datePublished":"2019-10-14T21:40:30+00:00","dateModified":"2020-10-28T17:57:49+00:00","description":"Michele Gurriieri, Directeur de la photo, r\u00e9alisateur, photographe.","breadcrumb":{"@id":"https:\/\/photo.real.michelegurrieri.com\/#breadcrumb"},"inLanguage":"it-IT","potentialAction":[{"@type":"ReadAction","target":["https:\/\/photo.real.michelegurrieri.com\/"]}]},{"@type":"BreadcrumbList","@id":"https:\/\/photo.real.michelegurrieri.com\/#breadcrumb","itemListElement":[{"@type":"ListItem","position":1,"name":"Accueil","item":"https:\/\/photo.real.michelegurrieri.com\/"},{"@type":"ListItem","position":2,"name":"Accueil"}]},{"@type":"WebSite","@id":"https:\/\/photo.real.michelegurrieri.com\/#website","url":"https:\/\/photo.real.michelegurrieri.com\/","name":"Michele Gurrieri","description":"Directeur de la photo, r\u00e9alisateur, photographe","potentialAction":[{"@type":"SearchAction","target":{"@type":"EntryPoint","urlTemplate":"https:\/\/photo.real.michelegurrieri.com\/?s={search_term_string}"},"query-input":"required name=search_term_string"}],"inLanguage":"it-IT"}]}},"_links":{"self":[{"href":"https:\/\/photo.real.michelegurrieri.com\/it\/wp-json\/wp\/v2\/pages\/3532"}],"collection":[{"href":"https:\/\/photo.real.michelegurrieri.com\/it\/wp-json\/wp\/v2\/pages"}],"about":[{"href":"https:\/\/photo.real.michelegurrieri.com\/it\/wp-json\/wp\/v2\/types\/page"}],"author":[{"embeddable":true,"href":"https:\/\/photo.real.michelegurrieri.com\/it\/wp-json\/wp\/v2\/users\/1"}],"replies":[{"embeddable":true,"href":"https:\/\/photo.real.michelegurrieri.com\/it\/wp-json\/wp\/v2\/comments?post=3532"}],"version-history":[{"count":36,"href":"https:\/\/photo.real.michelegurrieri.com\/it\/wp-json\/wp\/v2\/pages\/3532\/revisions"}],"predecessor-version":[{"id":5051,"href":"https:\/\/photo.real.michelegurrieri.com\/it\/wp-json\/wp\/v2\/pages\/3532\/revisions\/5051"}],"wp:attachment":[{"href":"https:\/\/photo.real.michelegurrieri.com\/it\/wp-json\/wp\/v2\/media?parent=3532"}],"curies":[{"name":"wp","href":"https:\/\/api.w.org\/{rel}","templated":true}]}}